{"id":36513,"date":"2023-05-22T17:18:25","date_gmt":"2023-05-22T21:18:25","guid":{"rendered":"https:\/\/nche.com\/?page_id=36513"},"modified":"2024-01-26T21:07:10","modified_gmt":"2024-01-27T02:07:10","slug":"dads-retreat","status":"publish","type":"page","link":"https:\/\/nche.com\/de\/dads-retreat\/","title":{"rendered":"V\u00e4ter-Retreat"},"content":{"rendered":"<p>[et_pb_section fb_built=&#8221;1&#8243; _builder_version=&#8221;4.19.2&#8243; _module_preset=&#8221;default&#8221; global_colors_info=&#8221;{}&#8221;][et_pb_row _builder_version=&#8221;4.19.2&#8243; _module_preset=&#8221;default&#8221; min_height=&#8221;608px&#8221; custom_margin=&#8221;|auto|-41px|auto||&#8221; custom_padding=&#8221;0px||0px|||&#8221; global_colors_info=&#8221;{}&#8221;][et_pb_column type=&#8221;4_4&#8243; _builder_version=&#8221;4.19.2&#8243; _module_preset=&#8221;default&#8221; global_colors_info=&#8221;{}&#8221;][et_pb_image src=&#8221;<a href=\"https:\/\/nche.com\/wp-content\/uploads\/2023\/05\/Dads-Retreat-23-sunset-1200&#215;630-1.jpg&#038;#8221\">https:\/\/nche.com\/wp-content\/uploads\/2023\/05\/Dads-Retreat-23-sunset-1200&#215;630-1.jpg&#038;#8221<\/a>; title_text=&#8221;Dads Retreat 23 sunset 1200&#215;630&#8243; _builder_version=&#8221;4.19.2&#8243; _module_preset=&#8221;default&#8221; custom_margin=&#8221;||2px|||&#8221; custom_padding=&#8221;0px|||||&#8221; global_colors_info=&#8221;{}&#8221;][\/et_pb_image][\/et_pb_column][\/et_pb_row][et_pb_row _builder_version=&#8221;4.19.2&#8243; _module_preset=&#8221;default&#8221; global_colors_info=&#8221;{}&#8221;][et_pb_column type=&#8221;4_4&#8243; _builder_version=&#8221;4.19.2&#8243; _module_preset=&#8221;default&#8221; global_colors_info=&#8221;{}&#8221;][et_pb_text _builder_version=&#8221;4.23.1&#8243; _module_preset=&#8221;default&#8221; hover_enabled=&#8221;0&#8243; global_colors_info=&#8221;{}&#8221; sticky_enabled=&#8221;0&#8243;]<\/p>\n<p><span style=\"font-size: x-large;\">Being a homeschool dad is not easy! Whether you are the primary teacher or support the primary teacher, your job is a challenge. Need help? Want to connect with like-minded brothers? Then the NCHE Homeschool Dads Retreat is for you. Join us to hang out and learn how we can be better fathers to our homeschooled children.<\/span><\/p>\n<p><span style=\"font-size: large;\"><strong>Dates<\/strong>: Friday, September 29, 2023, 6 pm (check-in begins at 4:30pm) &#8211; September 30, 4 pm<br \/><\/span><br \/><span style=\"font-size: large;\"><strong>Location<\/strong>: Caraway Conference Center, 4756 Caraway Mountain Rd, Sophia, NC 27350<\/span><br \/><span style=\"font-size: large;\"><strong><br \/>Meals<\/strong> Included for overnight attendees: Supper Friday, Breakfast and Lunch Saturday; Included for commuters: Lunch Saturday<\/span><\/p>\n<p>&nbsp;<\/p>\n<p>[\/et_pb_text][et_pb_text _builder_version=&#8221;4.23.1&#8243; _module_preset=&#8221;default&#8221; hover_enabled=&#8221;0&#8243; global_colors_info=&#8221;{}&#8221; admin_label=&#8221;Form&#8221; sticky_enabled=&#8221;0&#8243;]<\/p>\n\n<p>[\/et_pb_text][\/et_pb_column][\/et_pb_row][\/et_pb_section]<\/p>\n","protected":false},"excerpt":{"rendered":"<p>Ein Homeschool-Vater zu sein, ist nicht einfach! Egal, ob Sie der Grundschullehrer sind oder den Grundschullehrer unterst\u00fctzen, Ihr Job ist eine Herausforderung. Brauchen Sie Hilfe? M\u00f6chten Sie sich mit gleichgesinnten Br\u00fcdern vernetzen? Dann ist das NCHE Homeschool Dads Retreat genau das Richtige f\u00fcr Sie. Kommen Sie zu uns, um Zeit zu verbringen und zu lernen, wie wir bessere V\u00e4ter f\u00fcr unsere Homeschool-Kinder sein k\u00f6nnen. Termine: Freitag, 29. September 2023, 18 Uhr (Check-in beginnt um 16:30 Uhr) \u2013 30. September, 16 UhrOrt: Caraway Conference Center, 4756 Caraway Mountain Rd, Sophia, NC 27350Mahlzeiten f\u00fcr \u00dcbernachtungsg\u00e4ste inbegriffen: Abendessen am Freitag, Fr\u00fchst\u00fcck und Mittagessen am Samstag; f\u00fcr Pendler inbegriffen: Mittagessen am Samstag &nbsp;<\/p>","protected":false},"author":15901,"featured_media":0,"parent":0,"menu_order":0,"comment_status":"closed","ping_status":"closed","template":"","meta":{"_acf_changed":false,"_et_pb_use_builder":"on","_et_pb_old_content":"","_et_gb_content_width":"","_crdt_document":"","_monsterinsights_skip_tracking":false,"_monsterinsights_sitenote_active":false,"_monsterinsights_sitenote_note":"","_monsterinsights_sitenote_category":0,"footnotes":"","big_sky_generated":false},"class_list":["post-36513","page","type-page","status-publish","hentry"],"acf":[],"jetpack_sharing_enabled":true,"jetpack_shortlink":"https:\/\/wp.me\/Pgvs5H-9uV","_links":{"self":[{"href":"https:\/\/nche.com\/de\/wp-json\/wp\/v2\/pages\/36513","targetHints":{"allow":["GET"]}}],"collection":[{"href":"https:\/\/nche.com\/de\/wp-json\/wp\/v2\/pages"}],"about":[{"href":"https:\/\/nche.com\/de\/wp-json\/wp\/v2\/types\/page"}],"author":[{"embeddable":true,"href":"https:\/\/nche.com\/de\/wp-json\/wp\/v2\/users\/15901"}],"replies":[{"embeddable":true,"href":"https:\/\/nche.com\/de\/wp-json\/wp\/v2\/comments?post=36513"}],"version-history":[{"count":18,"href":"https:\/\/nche.com\/de\/wp-json\/wp\/v2\/pages\/36513\/revisions"}],"predecessor-version":[{"id":38299,"href":"https:\/\/nche.com\/de\/wp-json\/wp\/v2\/pages\/36513\/revisions\/38299"}],"wp:attachment":[{"href":"https:\/\/nche.com\/de\/wp-json\/wp\/v2\/media?parent=36513"}],"curies":[{"name":"wp","href":"https:\/\/api.w.org\/{rel}","templated":true}]}}