{"id":1211,"date":"2018-03-23T15:44:55","date_gmt":"2018-03-23T19:44:55","guid":{"rendered":"https:\/\/account.nche.com\/?page_id=1211"},"modified":"2024-09-10T11:00:42","modified_gmt":"2024-09-10T15:00:42","slug":"moving-into-north-carolina","status":"publish","type":"page","link":"https:\/\/nche.com\/es\/helps\/moving-into-north-carolina\/","title":{"rendered":"Mudarse a Carolina del Norte"},"content":{"rendered":"<p>[et_pb_section fb_built=&#8221;1&#8243; _builder_version=&#8221;4.16&#8243; global_colors_info=&#8221;{}&#8221;][et_pb_row _builder_version=&#8221;4.16&#8243; background_size=&#8221;initial&#8221; background_position=&#8221;top_left&#8221; background_repeat=&#8221;repeat&#8221; global_colors_info=&#8221;{}&#8221;][et_pb_column type=&#8221;4_4&#8243; _builder_version=&#8221;4.16&#8243; custom_padding=&#8221;|||&#8221; global_colors_info=&#8221;{}&#8221; custom_padding__hover=&#8221;|||&#8221;][et_pb_post_title meta=&#8221;off&#8221; featured_image=&#8221;off&#8221; _builder_version=&#8221;4.16&#8243; global_colors_info=&#8221;{}&#8221;][\/et_pb_post_title][\/et_pb_column][\/et_pb_row][et_pb_row column_structure=&#8221;1_2,1_2&#8243; _builder_version=&#8221;4.16&#8243; background_size=&#8221;initial&#8221; background_position=&#8221;top_left&#8221; background_repeat=&#8221;repeat&#8221; global_colors_info=&#8221;{}&#8221;][et_pb_column type=&#8221;1_2&#8243; _builder_version=&#8221;4.16&#8243; custom_padding=&#8221;|||&#8221; global_colors_info=&#8221;{}&#8221; custom_padding__hover=&#8221;|||&#8221;][et_pb_text _builder_version=&#8221;4.16&#8243; global_colors_info=&#8221;{}&#8221;]<\/p>\n<h4><img loading=\"lazy\" decoding=\"async\" class=\"alignright size-full wp-image-1213\" src=\"https:\/\/nche.com\/wp-content\/uploads\/2018\/03\/Flag_of_North_Carolina.svg_.png\" alt=\"\" width=\"120\" height=\"80\" srcset=\"https:\/\/nche.com\/wp-content\/uploads\/2018\/03\/Flag_of_North_Carolina.svg_.png 120w, https:\/\/nche.com\/wp-content\/uploads\/2018\/03\/Flag_of_North_Carolina.svg_-18x12.png 18w\" sizes=\"auto, (max-width: 120px) 100vw, 120px\" \/>Welcome to North Carolina!<\/h4>\n<p>North Carolina is a great place to homeschool! If you are a homeschooler who is moving into NC, we hope to help you in your transition with this information.<\/p>\n<p>Every state in the US has different laws about homeschooling. We have a great law.<\/p>\n<p>In North Carolina, homeschools are governed by the Division of Non-Public Education (DNPE). We are the only state who has a division like this. Homeschoolers in NC do not report to the Division of Public Instruction in any way. Homeschools are legally non-public schools, and non-public schools are under the oversight of DNPE.<br \/>\n[\/et_pb_text][\/et_pb_column][et_pb_column type=&#8221;1_2&#8243; _builder_version=&#8221;4.16&#8243; custom_padding=&#8221;|||&#8221; global_colors_info=&#8221;{}&#8221; custom_padding__hover=&#8221;|||&#8221;][et_pb_text _builder_version=&#8221;4.23.1&#8243; hover_enabled=&#8221;0&#8243; global_colors_info=&#8221;{}&#8221; sticky_enabled=&#8221;0&#8243;]<\/p>\n<h3>Simply Put<\/h3>\n<p><img loading=\"lazy\" decoding=\"async\" class=\"alignright size-full wp-image-1214\" src=\"https:\/\/nche.com\/wp-content\/uploads\/2018\/03\/120px-Seal_of_North_Carolina.svg_.png\" alt=\"\" width=\"120\" height=\"120\" srcset=\"https:\/\/nche.com\/wp-content\/uploads\/2018\/03\/120px-Seal_of_North_Carolina.svg_.png 120w, https:\/\/nche.com\/wp-content\/uploads\/2018\/03\/120px-Seal_of_North_Carolina.svg_-12x12.png 12w, https:\/\/nche.com\/wp-content\/uploads\/2018\/03\/120px-Seal_of_North_Carolina.svg_-100x100.png?crop=1 100w\" sizes=\"auto, (max-width: 120px) 100vw, 120px\" \/>To comply with the NC homeschool law, you file a notice of intent to operate a homeschool with the NC Division of Non-Public Education (DNPE). The teacher will need to submit proof that he\/she has a minimum of a high school diploma. You will need to name your school, and it is important to know that you can never change the name. After you open your school, you will need to keep attendance records showing that you schooled on a regular basis for a minimum of 9 months annually. Your students will need to take a nationally standardized achievement test every year. Immunzation records need to be kept up-to-date unless you have a waiver. You do not need to open a school until your oldest child turns seven.<\/p>\n<p>NC Division of Non-Public Education (DNPE)<br \/>1309 Mail Service Center<br \/>Raleigh, NC 27699-1309<br \/>(984) 236-0110<br \/>Website: <a href=\"http:\/\/www.ncdnpe.org\">www.ncdnpe.org<\/a><br \/>Email:\u00a0<a href=\"mailto:DNPE.General.Inquiries@doa.nc.gov?subject=General%20inquiry\">DNPE.General.Inquiries@doa.nc.gov<\/a><\/p>\n<p>[\/et_pb_text][\/et_pb_column][\/et_pb_row][et_pb_row _builder_version=&#8221;4.16&#8243; background_size=&#8221;initial&#8221; background_position=&#8221;top_left&#8221; background_repeat=&#8221;repeat&#8221; global_colors_info=&#8221;{}&#8221;][et_pb_column type=&#8221;4_4&#8243; _builder_version=&#8221;4.16&#8243; custom_padding=&#8221;|||&#8221; global_colors_info=&#8221;{}&#8221; custom_padding__hover=&#8221;|||&#8221;][et_pb_text _builder_version=&#8221;4.23.1&#8243; hover_enabled=&#8221;0&#8243; global_colors_info=&#8221;{}&#8221; sticky_enabled=&#8221;0&#8243;]<\/p>\n<h2>About NC Homeschool Law<\/h2>\n<p>During the 1988 session North Carolinians for Home Education (NCHE) convinced the North Carolina General Assembly to amend <a href=\"http:\/\/www.ncga.state.nc.us\/enactedlegislation\/statutes\/html\/byarticle\/chapter_115c\/article_39.html\" target=\"_blank\" rel=\"noopener noreferrer\">Article 39 of chapter 115C<\/a> of the General Statutes to allow home instruction, under certain conditions, as a means of complying with compulsory school attendance requirements. While it was a good law and homeschooling flourished under it, NCHE saw room for improvement. The needed change was in the definition of &#8220;home school.&#8221; On March 5, 2013 NCHE had bills filed in both the NC House of Representatives and the Senate to make the change in the &#8220;home school&#8221; definition. The bill passed unanimously at every stage and was signed into law on May 30, 2013<\/p>\n<h4>Definitions:<\/h4>\n<dl>\n<dt><strong>Home school<\/strong><\/dt>\n<dd>means a nonpublic school consisting of the children of not more than two families or households, where the parents or legal guardians or members of either household determine the scope and sequence of academic instruction, provide academic instruction and determine additional sources of academic instruction.<\/dd>\n<dt><strong>Duly authorized representative of the state<\/strong><\/dt>\n<dd>The Director of The Division of Non-Public Education or his\/her staff<\/dd>\n<\/dl>\n<h4>Requirements:<\/h4>\n<ul style=\"padding-left: 20px;\">\n<li>Notify the Department of Administration, Division of Non-Public Education of your intent to operate a school via an online form and include your school name, and name of chief administrator.<\/li>\n<li>Certify that the persons providing the academic instruction hold at least a high school diploma or its equivalent.<\/li>\n<li>Maintain attendance records on each student.<\/li>\n<li>Maintain immunization records on each student.<\/li>\n<li>Operate on a regular schedule, excluding reasonable holidays and vacations, during at least nine calendar months of the year.<\/li>\n<li><a href=\"\/helps\/testing\" target=\"_blank\" rel=\"noopener noreferrer\">Administer a nationally standardized test, or other equivalent measurement<\/a>, that measures achievement in the areas of English grammar, reading, spelling, and math, to every student each year, and maintain the results on file for one year, <a href=\"\/law\/record-review\" target=\"_blank\" rel=\"noopener noreferrer\">subject to inspection by a duly authorized representative of the State<\/a>.<\/li>\n<li>Notify the Department of Administration, Division of Non-Public Education, when closing your school.<\/li>\n<\/ul>\n<h4>Requirements Exclusive:<\/h4>\n<p>No school meeting these requirements shall be subject to any other provision of law relating to education except requirements of law respecting immunization.<\/p>\n<p>[\/et_pb_text][\/et_pb_column][\/et_pb_row][\/et_pb_section]<\/p>\n","protected":false},"excerpt":{"rendered":"<p>\u00a1Bienvenidos a Carolina del Norte! \u00a1Carolina del Norte es un lugar excelente para la educaci\u00f3n en casa! Si usted es un estudiante que se muda a Carolina del Norte y est\u00e1 cursando estudios en casa, esperamos ayudarle en su transici\u00f3n con esta informaci\u00f3n. Cada estado de EE. UU. tiene leyes diferentes sobre la educaci\u00f3n en casa. Nosotros tenemos una ley excelente. En Carolina del Norte, la educaci\u00f3n en casa se rige por la Divisi\u00f3n de Educaci\u00f3n No P\u00fablica (DNPE). Somos el \u00fanico estado que tiene una divisi\u00f3n de este tipo. Los estudiantes que se educan en casa en Carolina del Norte no rinden cuentas a la Divisi\u00f3n de Instrucci\u00f3n P\u00fablica de ninguna manera. Las escuelas en casa son legalmente escuelas no p\u00fablicas, y estas est\u00e1n bajo la supervisi\u00f3n de la DNPE. En resumen, para cumplir con la ley de educaci\u00f3n en casa de Carolina del Norte, debe presentar una notificaci\u00f3n de intenci\u00f3n de operar una escuela en casa ante la Divisi\u00f3n de Educaci\u00f3n No P\u00fablica de Carolina del Norte (DNPE). El maestro deber\u00e1 presentar prueba de que tiene al menos un diploma de escuela secundaria. Deber\u00e1 nombrar su escuela, y es importante saber que nunca podr\u00e1 cambiar el nombre. Despu\u00e9s de abrir su escuela, deber\u00e1 mantener registros de asistencia que demuestren que imparti\u00f3 clases regularmente durante un m\u00ednimo de 9 meses al a\u00f1o. Sus estudiantes deber\u00e1n realizar una prueba de rendimiento estandarizada a nivel nacional cada a\u00f1o. Los registros de vacunaci\u00f3n deben mantenerse actualizados a menos que tenga una exenci\u00f3n. No necesita abrir una escuela hasta que su hijo mayor cumpla siete a\u00f1os. Divisi\u00f3n de Educaci\u00f3n No P\u00fablica de Carolina del Norte (DNPE) 1309 Mail Service Center Raleigh, NC 27699-1309 (984) 236-0110 Sitio web: <a href=\"http:\/\/www.ncdnpe.orgEmail:\u00a0DNPE.General.Inquiries@doa.nc.govAbout\" rel=\"nofollow\">http:\/\/www.ncdnpe.orgEmail:\u00a0DNPE.General.Inquiries@doa.nc.govAbout<\/a> Ley de Educaci\u00f3n en el Hogar de Carolina del Norte Durante la sesi\u00f3n de 1988, North Carolinians for Home Education (NCHE) convenci\u00f3 a la Asamblea General de Carolina del Norte de enmendar el Art\u00edculo 39 del cap\u00edtulo 115C de los Estatutos Generales para permitir la instrucci\u00f3n en el hogar, bajo ciertas condiciones, como un medio para cumplir con los requisitos de asistencia escolar obligatoria. Si bien era una buena ley y la educaci\u00f3n en el hogar floreci\u00f3 bajo ella, NCHE vio margen de mejora. El cambio necesario estaba en la definici\u00f3n de &quot;escuela en el hogar&quot;. El 5 de marzo de 2013, NCHE present\u00f3 proyectos de ley tanto en la C\u00e1mara de Representantes de Carolina del Norte como en el Senado para hacer el cambio en la definici\u00f3n de &quot;escuela en el hogar&quot;. El proyecto de ley fue aprobado por unanimidad en todas las etapas y fue promulgado como ley el 30 de mayo de 2013. Definiciones: Escuela en el hogar significa una escuela no p\u00fablica que consiste en los hijos de no m\u00e1s de dos familias u hogares, donde los padres o tutores legales o miembros de cualquiera de los hogares determinan el alcance y la secuencia de la instrucci\u00f3n acad\u00e9mica, proporcionan instrucci\u00f3n acad\u00e9mica y determinan fuentes adicionales de instrucci\u00f3n acad\u00e9mica. Representante debidamente autorizado del estado El Director de la Divisi\u00f3n de Educaci\u00f3n No P\u00fablica o su personal Requisitos: Notificar al Departamento de Administraci\u00f3n, Divisi\u00f3n de Educaci\u00f3n No P\u00fablica de su intenci\u00f3n de operar una escuela a trav\u00e9s de un formulario en l\u00ednea e incluir el nombre de su escuela y el nombre del administrador principal. Certificar que las personas que brindan la instrucci\u00f3n acad\u00e9mica tienen al menos un diploma de escuela secundaria o su equivalente. Mantener registros de asistencia de cada estudiante. Mantener registros de inmunizaci\u00f3n de cada estudiante. Operar en un horario regular, excluyendo d\u00edas festivos y vacaciones razonables, durante al menos nueve meses calendario del a\u00f1o. Administrar una prueba estandarizada nacional, u otra medici\u00f3n equivalente, que mida el logro en las \u00e1reas de gram\u00e1tica inglesa, lectura, ortograf\u00eda y matem\u00e1ticas, a cada estudiante cada a\u00f1o, y mantener los resultados en archivo durante un a\u00f1o, sujetos a inspecci\u00f3n por un representante debidamente autorizado del Estado. Notificar al Departamento de Administraci\u00f3n, Divisi\u00f3n de Educaci\u00f3n No P\u00fablica, cuando cierre su escuela. Requisitos Exclusivos: Ninguna escuela que cumpla con estos requisitos estar\u00e1 sujeta a ninguna otra disposici\u00f3n de la ley relacionada con la educaci\u00f3n excepto los requisitos de la ley con respecto a la inmunizaci\u00f3n.<\/p>","protected":false},"author":3,"featured_media":0,"parent":298,"menu_order":0,"comment_status":"closed","ping_status":"closed","template":"","meta":{"_acf_changed":false,"_et_pb_use_builder":"on","_et_pb_old_content":"","_et_gb_content_width":"","_crdt_document":"","_monsterinsights_skip_tracking":false,"_monsterinsights_sitenote_active":false,"_monsterinsights_sitenote_note":"","_monsterinsights_sitenote_category":0,"footnotes":"","big_sky_generated":false},"class_list":["post-1211","page","type-page","status-publish","hentry"],"acf":[],"jetpack_sharing_enabled":true,"jetpack_shortlink":"https:\/\/wp.me\/Pgvs5H-jx","_links":{"self":[{"href":"https:\/\/nche.com\/es\/wp-json\/wp\/v2\/pages\/1211","targetHints":{"allow":["GET"]}}],"collection":[{"href":"https:\/\/nche.com\/es\/wp-json\/wp\/v2\/pages"}],"about":[{"href":"https:\/\/nche.com\/es\/wp-json\/wp\/v2\/types\/page"}],"author":[{"embeddable":true,"href":"https:\/\/nche.com\/es\/wp-json\/wp\/v2\/users\/3"}],"replies":[{"embeddable":true,"href":"https:\/\/nche.com\/es\/wp-json\/wp\/v2\/comments?post=1211"}],"version-history":[{"count":7,"href":"https:\/\/nche.com\/es\/wp-json\/wp\/v2\/pages\/1211\/revisions"}],"predecessor-version":[{"id":40670,"href":"https:\/\/nche.com\/es\/wp-json\/wp\/v2\/pages\/1211\/revisions\/40670"}],"up":[{"embeddable":true,"href":"https:\/\/nche.com\/es\/wp-json\/wp\/v2\/pages\/298"}],"wp:attachment":[{"href":"https:\/\/nche.com\/es\/wp-json\/wp\/v2\/media?parent=1211"}],"curies":[{"name":"wp","href":"https:\/\/api.w.org\/{rel}","templated":true}]}}