{"id":1665,"date":"2018-03-30T23:32:04","date_gmt":"2018-03-31T03:32:04","guid":{"rendered":"https:\/\/account.nche.com\/?page_id=1665"},"modified":"2023-03-18T10:50:31","modified_gmt":"2023-03-18T14:50:31","slug":"graduate","status":"publish","type":"page","link":"https:\/\/nche.com\/es\/graduate\/","title":{"rendered":"Ceremonia de Graduaci\u00f3n NCHE"},"content":{"rendered":"<p>[et_pb_section fb_built=&#8221;1&#8243; _builder_version=&#8221;4.16&#8243; global_colors_info=&#8221;{}&#8221;][et_pb_row _builder_version=&#8221;4.16&#8243; background_size=&#8221;initial&#8221; background_position=&#8221;top_left&#8221; background_repeat=&#8221;repeat&#8221; global_colors_info=&#8221;{}&#8221;][et_pb_column type=&#8221;4_4&#8243; _builder_version=&#8221;4.16&#8243; custom_padding=&#8221;|||&#8221; global_colors_info=&#8221;{}&#8221; custom_padding__hover=&#8221;|||&#8221;][et_pb_text admin_label=&#8221;Title&#8221; _builder_version=&#8221;4.16&#8243; global_colors_info=&#8221;{}&#8221;]<\/p>\n<h1 style=\"text-align: left;\">NCHE Graduation Ceremony<\/h1>\n<p>[\/et_pb_text][et_pb_text _builder_version=&#8221;4.16&#8243; text_text_color=&#8221;#000000&#8243; global_colors_info=&#8221;{}&#8221;]<\/p>\n<p><img loading=\"lazy\" decoding=\"async\" class=\"size-full wp-image-425 alignright\" src=\"..\/wp-content\/uploads\/2018\/02\/graduation_350.png\" alt=\"\" width=\"350\" height=\"186\" srcset=\"https:\/\/nche.com\/wp-content\/uploads\/2018\/02\/graduation_350.png 350w, https:\/\/nche.com\/wp-content\/uploads\/2018\/02\/graduation_350-18x10.png 18w, https:\/\/nche.com\/wp-content\/uploads\/2018\/02\/graduation_350-300x159.png 300w\" sizes=\"auto, (max-width: 350px) 100vw, 350px\" \/><span style=\"color: #000000;\">The Graduation of your homeschooled son or daughter is a momentous occasion and worthy of celebration.\u00a0 NCHE invites it&#8217;s members to commemorate the occasion with their families by participating in NCHE Spring Graduation Ceremony. \u00a0NCHE hosts\u00a0the\u00a0ceremony on Saturday evening, in conjunction with the <a href=\"https:\/\/nche.com\/thrive\/\">annual NCHE Thrive! Conference<\/a>\u00a0<\/span>in May. It lasts approximately one to one-and-a-half hours.\u00a0<\/p>\n<p>The diploma is available year-round. <a href=\"https:\/\/nche.com\/diploma-order\/\"><strong>Go here to order a diploma<\/strong>.<\/a><\/p>\n<p><span style=\"color: #0c71c3;\"><span style=\"color: #000000;\">For more about all graduate offerings: graduation ceremony, diplomas, GREENHOUSE graduate magazine, and college scholarships, go to our <a href=\"https:\/\/nche.com\/graduate-central\/\"><strong>Graduate Central.<\/strong><\/a> This page is usually active from mid fall to mid April.<\/span><\/span><\/p>\n<p>&nbsp;<\/p>\n<p>[\/et_pb_text][\/et_pb_column][\/et_pb_row][\/et_pb_section]<\/p>\n","protected":false},"excerpt":{"rendered":"<p>Ceremonia de graduaci\u00f3n de NCHE La graduaci\u00f3n de su hijo o hija educado en el hogar es una ocasi\u00f3n trascendental y digna de celebraci\u00f3n. NCHE invita a sus miembros a conmemorar la ocasi\u00f3n con sus familias participando en la ceremonia de graduaci\u00f3n de primavera de NCHE.  NCHE organiza la ceremonia el s\u00e1bado por la noche, junto con el evento anual NCHE Thrive! Conferencia en mayo. Tiene una duraci\u00f3n aproximada de una hora a una hora y media. El diploma est\u00e1 disponible todo el a\u00f1o. Vaya aqu\u00ed para solicitar un diploma. Para obtener m\u00e1s informaci\u00f3n sobre todas las ofertas para graduados: ceremonia de graduaci\u00f3n, diplomas, revista de posgrado GREENHOUSE y becas universitarias, visite nuestra Graduate Central. Esta p\u00e1gina suele estar activa desde mediados de oto\u00f1o hasta mediados de abril. &nbsp;<\/p>","protected":false},"author":4,"featured_media":0,"parent":0,"menu_order":0,"comment_status":"closed","ping_status":"closed","template":"","meta":{"_acf_changed":false,"_et_pb_use_builder":"on","_et_pb_old_content":"","_et_gb_content_width":"","_crdt_document":"","_monsterinsights_skip_tracking":false,"_monsterinsights_sitenote_active":false,"_monsterinsights_sitenote_note":"","_monsterinsights_sitenote_category":0,"footnotes":"","big_sky_generated":false},"class_list":["post-1665","page","type-page","status-publish","hentry"],"acf":[],"jetpack_sharing_enabled":true,"jetpack_shortlink":"https:\/\/wp.me\/Pgvs5H-qR","_links":{"self":[{"href":"https:\/\/nche.com\/es\/wp-json\/wp\/v2\/pages\/1665","targetHints":{"allow":["GET"]}}],"collection":[{"href":"https:\/\/nche.com\/es\/wp-json\/wp\/v2\/pages"}],"about":[{"href":"https:\/\/nche.com\/es\/wp-json\/wp\/v2\/types\/page"}],"author":[{"embeddable":true,"href":"https:\/\/nche.com\/es\/wp-json\/wp\/v2\/users\/4"}],"replies":[{"embeddable":true,"href":"https:\/\/nche.com\/es\/wp-json\/wp\/v2\/comments?post=1665"}],"version-history":[{"count":20,"href":"https:\/\/nche.com\/es\/wp-json\/wp\/v2\/pages\/1665\/revisions"}],"predecessor-version":[{"id":35521,"href":"https:\/\/nche.com\/es\/wp-json\/wp\/v2\/pages\/1665\/revisions\/35521"}],"wp:attachment":[{"href":"https:\/\/nche.com\/es\/wp-json\/wp\/v2\/media?parent=1665"}],"curies":[{"name":"wp","href":"https:\/\/api.w.org\/{rel}","templated":true}]}}