{"id":334,"date":"2018-01-18T13:40:59","date_gmt":"2018-01-18T18:40:59","guid":{"rendered":"https:\/\/account.nche.com\/?page_id=334"},"modified":"2022-09-02T15:32:00","modified_gmt":"2022-09-02T19:32:00","slug":"partner","status":"publish","type":"page","link":"https:\/\/nche.com\/es_pr\/partner\/","title":{"rendered":"As\u00f3ciese con NCHE para servir a los educadores en el hogar en Carolina del Norte y m\u00e1s all\u00e1"},"content":{"rendered":"<p>[et_pb_section fb_built=&#8221;1&#8243; admin_label=&#8221;section&#8221; _builder_version=&#8221;3.22&#8243; global_colors_info=&#8221;{}&#8221;][et_pb_row column_structure=&#8221;3_4,1_4&#8243; admin_label=&#8221;row&#8221; _builder_version=&#8221;3.25&#8243; background_size=&#8221;initial&#8221; background_position=&#8221;top_left&#8221; background_repeat=&#8221;repeat&#8221; global_colors_info=&#8221;{}&#8221;][et_pb_column type=&#8221;3_4&#8243; _builder_version=&#8221;3.25&#8243; custom_padding=&#8221;|||&#8221; global_colors_info=&#8221;{}&#8221; custom_padding__hover=&#8221;|||&#8221;][et_pb_text _builder_version=&#8221;4.9.11&#8243; background_size=&#8221;initial&#8221; background_position=&#8221;top_left&#8221; background_repeat=&#8221;repeat&#8221; hover_enabled=&#8221;0&#8243; global_colors_info=&#8221;{}&#8221; sticky_enabled=&#8221;0&#8243;]<\/p>\n<h3><a href=\"https:\/\/nche.com\/join\/\"><span style=\"color: #007649;\"><strong>Join\/Contribute<\/strong><\/span><\/a><\/h3>\n<p>Become part of an organization devoted to serving NC homeschoolers. Help us advance our threefold purpose: PROTECT the freedom of educating at home, PROVIDE encouragement &amp; support to homeschooling families, and PROMOTE home education as an excellent method of education.<\/p>\n<p><strong style=\"color: #333333; font-size: 22px;\"><a href=\"https:\/\/nche.com\/partner\/serve\/\"><span style=\"color: #007649;\">Volunteer<\/span><\/a><\/strong><\/p>\n<p>Do you have a passion for home education? Find a place to employ your talents and serve with NCHE!<\/p>\n<h3><span style=\"color: #007649;\"><a style=\"color: #007649;\" href=\"https:\/\/nche.com\/partner\/reach\/\"><strong>Advertise<\/strong><\/a><\/span><\/h3>\n<p>Want to reach NC homeschoolers with your product or service? We&#8217;re here to help.<\/p>\n<h3><a href=\"https:\/\/nche.com\/support-home-education-in-nc\/\"><span style=\"color: #007649;\"><strong>Donate to Support Home Education<\/strong><\/span><\/a><\/h3>\n<p>Make a one-time or a monthly donation to support home education.<\/p>\n<p>&nbsp;<\/p>\n<p>[\/et_pb_text][\/et_pb_column][et_pb_column type=&#8221;1_4&#8243; _builder_version=&#8221;3.25&#8243; custom_padding=&#8221;|||&#8221; global_colors_info=&#8221;{}&#8221; custom_padding__hover=&#8221;|||&#8221;][et_pb_sidebar area=&#8221;sidebar-1&#8243; _builder_version=&#8221;3.12.2&#8243; global_colors_info=&#8221;{}&#8221;][\/et_pb_sidebar][\/et_pb_column][\/et_pb_row][\/et_pb_section]<\/p>\n","protected":false},"excerpt":{"rendered":"<p>\u00danase\/Contribuya Sea parte de una organizaci\u00f3n dedicada a servir a los educadores en el hogar de Carolina del Norte. Ay\u00fadenos a avanzar en nuestro triple prop\u00f3sito: PROTEGER la libertad de educar en el hogar, PROPORCIONAR est\u00edmulo y apoyo a las familias que educan en el hogar y PROMOVER la educaci\u00f3n en el hogar como un excelente m\u00e9todo de educaci\u00f3n. Voluntario \u00bfTiene una pasi\u00f3n por la educaci\u00f3n en el hogar? \u00a1Encuentre un lugar para emplear sus talentos y sirva con NCHE! Publicidad \u00bfQuiere llegar a los educadores en el hogar de Carolina del Norte con su producto o servicio? Estamos aqu\u00ed para ayudar. Done para apoyar la educaci\u00f3n en el hogar Haga una donaci\u00f3n \u00fanica o mensual para apoyar la educaci\u00f3n en el hogar. &nbsp;<\/p>","protected":false},"author":3,"featured_media":0,"parent":0,"menu_order":0,"comment_status":"closed","ping_status":"closed","template":"","meta":{"_acf_changed":false,"_et_pb_use_builder":"on","_et_pb_old_content":"<h3>Join\/Contribute<\/h3>\r\nBecome part of an organization devoted to serving NC homeschoolers. Help us advance our threefold purpose: PROTECT the freedom of educating at home, PROVIDE encouragement & support to homeschooling families, and PROMOTE home education as an excellent method of education.\r\n<h3>Volunteer<\/h3>\r\nDo you have a passion for home education? Find a place to employ your talents and serve with NCHE!\r\n<h3>Advertise<\/h3>\r\nWant to reach NC homeschoolers with your product or service?","_et_gb_content_width":"","_crdt_document":"","_monsterinsights_skip_tracking":false,"_monsterinsights_sitenote_active":false,"_monsterinsights_sitenote_note":"","_monsterinsights_sitenote_category":0,"footnotes":"","big_sky_generated":false},"class_list":["post-334","page","type-page","status-publish","hentry"],"acf":[],"jetpack_sharing_enabled":true,"jetpack_shortlink":"https:\/\/wp.me\/Pgvs5H-5o","_links":{"self":[{"href":"https:\/\/nche.com\/es_pr\/wp-json\/wp\/v2\/pages\/334","targetHints":{"allow":["GET"]}}],"collection":[{"href":"https:\/\/nche.com\/es_pr\/wp-json\/wp\/v2\/pages"}],"about":[{"href":"https:\/\/nche.com\/es_pr\/wp-json\/wp\/v2\/types\/page"}],"author":[{"embeddable":true,"href":"https:\/\/nche.com\/es_pr\/wp-json\/wp\/v2\/users\/3"}],"replies":[{"embeddable":true,"href":"https:\/\/nche.com\/es_pr\/wp-json\/wp\/v2\/comments?post=334"}],"version-history":[{"count":11,"href":"https:\/\/nche.com\/es_pr\/wp-json\/wp\/v2\/pages\/334\/revisions"}],"predecessor-version":[{"id":33314,"href":"https:\/\/nche.com\/es_pr\/wp-json\/wp\/v2\/pages\/334\/revisions\/33314"}],"wp:attachment":[{"href":"https:\/\/nche.com\/es_pr\/wp-json\/wp\/v2\/media?parent=334"}],"curies":[{"name":"wp","href":"https:\/\/api.w.org\/{rel}","templated":true}]}}