{"id":107,"date":"2017-11-23T12:39:41","date_gmt":"2017-11-23T17:39:41","guid":{"rendered":"http:\/\/account.nche.com\/?page_id=107"},"modified":"2025-09-10T16:18:27","modified_gmt":"2025-09-10T20:18:27","slug":"decide","status":"publish","type":"page","link":"https:\/\/nche.com\/nl\/helps\/start\/decide\/","title":{"rendered":"Stap 1: beslissen"},"content":{"rendered":"<p>[et_pb_section fb_built=&#8221;1&#8243; _builder_version=&#8221;4.16&#8243; global_colors_info=&#8221;{}&#8221;][et_pb_row column_structure=&#8221;1_4,1_2,1_4&#8243; _builder_version=&#8221;4.16&#8243; background_size=&#8221;initial&#8221; background_position=&#8221;top_left&#8221; background_repeat=&#8221;repeat&#8221; global_colors_info=&#8221;{}&#8221;][et_pb_column type=&#8221;1_4&#8243; _builder_version=&#8221;4.16&#8243; custom_padding=&#8221;|||&#8221; global_colors_info=&#8221;{}&#8221; custom_padding__hover=&#8221;|||&#8221;][et_pb_sidebar _builder_version=&#8221;4.27.3&#8243; _module_preset=&#8221;default&#8221; area=&#8221;et_pb_widget_area_8&#8243; hover_enabled=&#8221;0&#8243; sticky_enabled=&#8221;0&#8243;][\/et_pb_sidebar][\/et_pb_column][et_pb_column type=&#8221;1_2&#8243; _builder_version=&#8221;4.16&#8243; custom_padding=&#8221;|||&#8221; global_colors_info=&#8221;{}&#8221; custom_padding__hover=&#8221;|||&#8221;][et_pb_sidebar area=&#8221;et_pb_widget_area_5&#8243; _builder_version=&#8221;4.16&#8243; global_colors_info=&#8221;{}&#8221;]&nbsp;<br \/>\n[\/et_pb_sidebar][et_pb_text _builder_version=&#8221;4.16&#8243; header_2_line_height=&#8221;1.1em&#8221; global_colors_info=&#8221;{}&#8221;]<\/p>\n<h1>Getting Started&#8211;Decide to Homeschool<\/h1>\n<p><span style=\"font-weight: 400;\">Should I decide to homeschool my children? More and more parents all over the world are asking this question. Why do people choose to homeschool? There are many reasons: academic excellence, scheduling flexibility, special needs, and freedom to individualize a student\u2019s pace and interests. Parents also want to remove their children from bullying, unnecessary exposure to immorality, and worldviews that are contrary to those of the parents.<\/span><\/p>\n<p><span style=\"font-weight: 400;\">You are the only one who can make the decision to homeschool your children. It is an important choice, so you\u2019ll want to take the time to consider all your options, pray about it, and discuss it with your spouse.\u00a0<\/span><\/p>\n<p><span style=\"font-weight: 400;\">NCHE has worked hard to pioneer and establish friendly homeschool laws in NC because we believe that parents have what it takes to educate their children at home. The first step in homeschooling is simple and often underestimated: you must decide to homeschool. So that you can make an informed decision, we provide research and statistics about homeschooling in North Carolina, as well as the benefits of home education, under the \u201cexplore\u201d tab in the menu at the top of our website.<\/span><\/p>\n<p><span style=\"font-weight: 400;\">Take special note of our article on <\/span><span style=\"font-weight: 400;\"><a href=\"https:\/\/nche.com\/reasons\/\" target=\"_blank\" rel=\"noopener noreferrer\">Reasons to Home Educate<\/a><\/span><span style=\"font-weight: 400;\">\u00a0which <\/span><span style=\"font-weight: 400;\">gives you 10 great reasons to homeschool.<\/span><\/p>\n<p><span style=\"font-weight: 400;\">As you research homeschooling in order to make your decision, you will also learn a lot about <\/span><i><span style=\"font-weight: 400;\">how <\/span><\/i><span style=\"font-weight: 400;\">to homeschool. So if you decide to jump in, you\u2019ll also feel much better about knowing how to get started.\u00a0<\/span><\/p>\n<h3>1. Determine Your Questions<\/h3>\n<p><span style=\"font-weight: 400;\">Make a list of questions you want answered in order to make this big decision. Most likely, some of them are:<\/span><\/p>\n<ul>\n<li style=\"font-weight: 400;\"><span style=\"font-weight: 400;\">What are the\u00a0<\/span><a href=\"https:\/\/nche.com\/law\/primer\/\"><span style=\"font-weight: 400;\">laws for homeschooling in NC<\/span><\/a><span style=\"font-weight: 400;\">?<\/span><\/li>\n<li style=\"font-weight: 400;\"><span style=\"font-weight: 400;\">What are the advantages of homeschooling?<\/span><\/li>\n<li style=\"font-weight: 400;\"><span style=\"font-weight: 400;\">What qualifications do I need?<\/span><\/li>\n<li style=\"font-weight: 400;\"><span style=\"font-weight: 400;\">Will my children have an opportunity to socialize with other kids?<\/span><\/li>\n<li style=\"font-weight: 400;\"><span style=\"font-weight: 400;\">How much time will this take?<\/span><\/li>\n<li style=\"font-weight: 400;\"><span style=\"font-weight: 400;\">What does a normal day look like?<\/span><\/li>\n<li style=\"font-weight: 400;\"><span style=\"font-weight: 400;\">How much will it cost?<\/span><\/li>\n<li style=\"font-weight: 400;\"><span style=\"font-weight: 400;\">What\u00a0<\/span><a href=\"https:\/\/nche.com\/helps\/curriculum\/\"><span style=\"font-weight: 400;\">curriculum<\/span><\/a><span style=\"font-weight: 400;\">\u00a0will I use and where do I get it?<\/span><\/li>\n<li style=\"font-weight: 400;\"><span style=\"font-weight: 400;\">What will I do when I don\u2019t know the subject I\u2019m supposed to teach?<\/span><\/li>\n<li style=\"font-weight: 400;\"><span style=\"font-weight: 400;\">What kind of\u00a0<\/span><a href=\"https:\/\/nche.com\/community\/regions\/\"><span style=\"font-weight: 400;\">support will I find in my area<\/span><\/a><span style=\"font-weight: 400;\">?<\/span><\/li>\n<li style=\"font-weight: 400;\"><span style=\"font-weight: 400;\">Will my kids be able to go to college?<\/span><\/li>\n<\/ul>\n<h3>2. Connect and Learn from Experienced Homeschoolers<\/h3>\n<p>NCHE has an active <span style=\"color: #0b64c4;\"><a style=\"color: #0b64c4;\" href=\"http:\/\/www.facebook.com\/nche1984\" target=\"_blank\" rel=\"noopener noreferrer\">Facebook page<\/a><\/span> where you can read, ask questions, and discuss topics with homeschoolers.<\/p>\n<p>NCHE regional liaisons are also great resources.\u00a0 RLs are dedicated volunteers who are knowledgeable about homeschool support in specific geographical regions across our state.\u00a0 Find your <span style=\"color: #0b69c1;\"><a style=\"color: #0b69c1;\" href=\"..\/..\/..\/regions\" target=\"_blank\" rel=\"noopener noreferrer\">NCHE regional liaison<\/a><\/span> or active homeschool groups in your area on the NCHE <a href=\"https:\/\/nche.com\/community\/regions\/\">regional pages.<\/a><u><\/u><\/p>\n<p>You may have homeschoolers in your church or neighborhood. Ask around to find these people and connect with them.<\/p>\n<h3>3. Attend Conferences<\/h3>\n<p><span style=\"color: #0b52c4;\"><a style=\"color: #0b52c4;\" href=\"..\/..\/..\/thrive\/\" target=\"_blank\" rel=\"noopener noreferrer\">NCHE&#8217;s Thrive! Conference<\/a> <\/span>is the best homeschool conference in North Carolina. This 3-day event in late May features knowledgeable speakers, a huge vendor hall, 1:1 mentoring, activities for children, a college fair, and the largest homeschool graduation ceremony in the state. The Thrive! Conference is the best place to learn about (or learn <em>more<\/em> about!) homeschooling.<\/p>\n<p><a href=\"https:\/\/nche.com\/summit\/\" target=\"_blank\" rel=\"noopener noreferrer\">The Summit<\/a> is our annual 1-day conference for educating exceptional children and boasts large-group learning sessions from national speakers and small-group breakout time where you will meet other families homeschooling children with special needs.<\/p>\n<h3>4. Read<\/h3>\n<p>Reading books, articles, blogs, and websites is one of the most helpful ways to determine if you want to choose to homeschool. As you research reasons to homeschool, you will also learn about different philosophies and methods. Learning about different philosophies and methods will help you become aware of your own ideas so you can hone them and help your children grow in knowledge and in character.<\/p>\n<h4><img loading=\"lazy\" decoding=\"async\" class=\"size-full wp-image-16386 alignright\" src=\"https:\/\/nche.com\/wp-content\/uploads\/2020\/10\/Fall_2012_cover_140.jpg\" alt=\"\" width=\"140\" height=\"200\" \/>GREENHOUSE Magazine<\/h4>\n<p>NCHE&#8217;s <a href=\"..\/..\/..\/greenhouse\" target=\"_blank\" rel=\"noopener noreferrer\">GREENHOUSE magazine<\/a> will help you learn more about reasons to homeschool as well as identify basic educational concepts. Knowledge of these concepts will help you select curriculum and determine how your homeschool will operate. It\u2019s that simple! GREENHOUSE, a publication of NCHE, is published 3 times a year and is mailed to NCHE members. You can learn more in <a href=\"https:\/\/nche.com\/archive\/\" target=\"_blank\" rel=\"noopener noreferrer\">archives of past articles<\/a>.<\/p>\n<h4>NCHE Blog<\/h4>\n<p>NCHE has a blog that posts two posts each week to provide fresh inspiration and practical tips. Check out the <a href=\"https:\/\/nche.com\/blog\/\" target=\"_blank\" rel=\"noopener noreferrer\">NCHE blog here<\/a>.<\/p>\n<h4>Books<\/h4>\n<p>Here is a list of carefully selected books on homeschooling.<\/p>\n<ul>\n<li><em>Better Late Than Early<\/em>, Raymond and Dorothy Moore<\/li>\n<li><em>The Successful Homeschool Family Handbook<\/em> (formerly titled <em>Home School Burnout<\/em>), Raymond and Dorothy Moore<\/li>\n<li><em>For the Children&#8217;s Sake<\/em>, Susan Schaeffer Macaulay<\/li>\n<li><em>Home Schooling for Excellence<\/em>, David and Micki Colfax<\/li>\n<li><em>Homeschooling the Early Years<\/em>, Linda Dobson<\/li>\n<li><em>The First Year of Homeschooling Your Child: Your Complete Guide to Getting Off to the Right Start,<\/em> <span class=\"ptBrand\">Linda Dobson<\/span><\/li>\n<li><em>Homeschooling the Middle Years<\/em>, Shari Henry<\/li>\n<li><em>Learning All the Time<\/em> and <em>Teach Your Own<\/em>, John Holt<\/li>\n<li><em>The Three R&#8217;s Series<\/em> and <em>You Can Teach Your Child Successfully<\/em>, Ruth Beechick<\/li>\n<li><em>The Ultimate Guide to Homeschooling<\/em>, Debra Bell<\/li>\n<li><em>Educating the Whole-hearted Child<\/em>, Clay and Sally Clarkson<\/li>\n<li><em>Awaking Wonder: Opening Your Child&#8217;s Heart to the Beauty of Learning, <\/em>Sally Clarkson<\/li>\n<li><em>100 Top Picks for Homeschool Curriculum<\/em>, Cathy Duffy<\/li>\n<li><em>The Heart of Homeschooling,<\/em> Christopher Klicka<\/li>\n<li><em>Ignite The Fire<\/em>, Terri Camp<\/li>\n<li><em>Getting Started in Homeschooling<\/em>, Sonya Shafer (free ebook at <a href=\"http:\/\/simplycharlottemason.com\"><span style=\"color: #0c71c3;\">simplycharlottemason.com)<\/span><\/a><\/li>\n<li><em>A Charlotte Mason Companion<\/em>, Karen Andreola<\/li>\n<li><em>When Children Love to Learn<\/em>, Cooper, Anderson, Macaulay and Beckman<\/li>\n<\/ul>\n<p>&nbsp;<\/p>\n<p>[\/et_pb_text][\/et_pb_column][et_pb_column _builder_version=&#8221;4.27.3&#8243; _module_preset=&#8221;default&#8221; type=&#8221;1_4&#8243;][et_pb_image src=&#8221;<a href=\"https:\/\/nche.com\/wp-content\/uploads\/2022\/06\/10-reasons_.com1080x1080-300&#215;300-1.jpg&#038;#8221\">https:\/\/nche.com\/wp-content\/uploads\/2022\/06\/10-reasons_.com1080x1080-300&#215;300-1.jpg&#038;#8221<\/a>; title_text=&#8221;10 reasons_1080x1080&#8243; url=&#8221;<a href=\"https:\/\/nche.com\/blog-10-reasons-to-homeschool\/&#038;#8221\">https:\/\/nche.com\/blog-10-reasons-to-homeschool\/&#038;#8221<\/a>; url_new_window=&#8221;on&#8221; align=&#8221;center&#8221; _builder_version=&#8221;4.23.1&#8243; _module_preset=&#8221;default&#8221; global_colors_info=&#8221;{}&#8221;][\/et_pb_image][et_pb_image src=&#8221;<a href=\"https:\/\/nche.com\/wp-content\/uploads\/2020\/10\/Top10Thumbnail-320.jpg&#038;#8221\">https:\/\/nche.com\/wp-content\/uploads\/2020\/10\/Top10Thumbnail-320.jpg&#038;#8221<\/a>; title_text=&#8221;Top10Thumbnail-320&#8243; url=&#8221;<a href=\"https:\/\/nche.com\/toptenquestions\/&#038;#8221\">https:\/\/nche.com\/toptenquestions\/&#038;#8221<\/a>; url_new_window=&#8221;on&#8221; _builder_version=&#8221;4.23.1&#8243; _module_preset=&#8221;default&#8221; global_colors_info=&#8221;{}&#8221;][\/et_pb_image][et_pb_image src=&#8221;<a href=\"https:\/\/nche.com\/wp-content\/uploads\/2020\/10\/Get-Started.jpg&#038;#8221\">https:\/\/nche.com\/wp-content\/uploads\/2020\/10\/Get-Started.jpg&#038;#8221<\/a>; title_text=&#8221;Get Started&#8221; url=&#8221;<a href=\"https:\/\/nche.com\/lets-get-started-webinar\/&#038;#8221\">https:\/\/nche.com\/lets-get-started-webinar\/&#038;#8221<\/a>; url_new_window=&#8221;on&#8221; _builder_version=&#8221;4.23.1&#8243; _module_preset=&#8221;default&#8221; global_colors_info=&#8221;{}&#8221;][\/et_pb_image][\/et_pb_column][\/et_pb_row][\/et_pb_section]<\/p>\n","protected":false},"excerpt":{"rendered":"<p>&nbsp; Aan de slag \u2013 beslissen om thuisonderwijs te geven Moet ik besluiten om mijn kinderen thuisonderwijs te geven? Steeds meer ouders over de hele wereld stellen deze vraag. Waarom kiezen mensen voor thuisonderwijs? Daar zijn veel redenen voor: academische excellentie, flexibiliteit in de planning, speciale behoeften en de vrijheid om het tempo en de interesses van een student te individualiseren. Ouders willen hun kinderen ook behoeden voor pesterijen, onnodige blootstelling aan immoraliteit en wereldbeelden die in strijd zijn met die van de ouders. U bent de enige die de beslissing kan nemen om uw kinderen thuisonderwijs te geven. Het is een belangrijke keuze, dus neem de tijd om al uw opties te overwegen, erover te bidden en het met uw partner te bespreken. NCHE heeft hard gewerkt om te pionieren en vriendelijke thuisonderwijswetten in NC in te voeren, omdat we geloven dat ouders het in zich hebben om hun kinderen thuis onderwijs te geven. De eerste stap bij thuisonderwijs is eenvoudig en wordt vaak onderschat: je moet besluiten om thuisonderwijs te geven. Zodat u een weloverwogen beslissing kunt nemen, bieden wij onderzoek en statistieken over thuisonderwijs in North Carolina, evenals de voordelen van thuisonderwijs, onder het tabblad &#039;verkennen&#039; in het menu bovenaan onze website. Let vooral op ons artikel over Redenen om thuisonderwijs te geven, waarin u 10 goede redenen vindt om thuisonderwijs te geven. Terwijl u thuisonderwijs onderzoekt om uw beslissing te nemen, leert u ook veel over hoe u thuisonderwijs kunt geven. Dus als u besluit erin te springen, zult u zich ook veel beter voelen als u weet hoe u aan de slag moet. 1. Bepaal uw vragen Maak een lijst met vragen die u beantwoord wilt hebben, zodat u deze grote beslissing kunt nemen. Hoogstwaarschijnlijk zijn sommigen van hen: Wat zijn de wetten voor thuisonderwijs in NC? Wat zijn de voordelen van thuisonderwijs? Welke kwalificaties heb ik nodig? Krijgen mijn kinderen de kans om met andere kinderen om te gaan? Hoeveel tijd zal dit in beslag nemen? Hoe ziet een normale dag eruit? Hoeveel kost het? Welk leerplan zal ik gebruiken en waar kan ik het verkrijgen? Wat moet ik doen als ik het vak dat ik moet geven niet ken? Welke ondersteuning kan ik in mijn omgeving vinden? Kunnen mijn kinderen naar de universiteit? 2. Maak verbinding en leer van ervaren thuisonderwijsers NCHE heeft een actieve Facebook-pagina waar u kunt lezen, vragen kunt stellen en onderwerpen kunt bespreken met thuisonderwijs. Regionale NCHE-contactpersonen zijn ook uitstekende hulpmiddelen. RL&#039;s zijn toegewijde vrijwilligers die kennis hebben van de ondersteuning van thuisonderwijs in specifieke geografische regio&#039;s in onze staat. Vind uw regionale NCHE-contactpersonen of actieve thuisonderwijsgroepen bij u in de buurt op de regionale NCHE-pagina&#039;s. Mogelijk hebt u thuisonderwijs in uw kerk of buurt. Vraag rond om deze mensen te vinden en met hen in contact te komen. 3. Woon conferenties bij NCHE&#039;s Thrive! Conferentie is de beste thuisschoolconferentie in North Carolina. Dit driedaagse evenement eind mei biedt deskundige sprekers, een enorme leveranciershal, individuele begeleiding, activiteiten voor kinderen, een universiteitsbeurs en de grootste afstudeerceremonie voor thuisscholen in de staat. De bloei! Conferentie is de beste plaats om thuisonderwijs te leren (of er meer over te leren). De Summit is onze jaarlijkse eendaagse conferentie voor het onderwijzen van uitzonderlijke kinderen en biedt leersessies voor grote groepen van nationale sprekers en breakout-tijd voor kleine groepen, waar u andere gezinnen zult ontmoeten die kinderen met speciale behoeften thuisonderwijs geven. 4. Lezen Het lezen van boeken, artikelen, blogs en websites is een van de nuttigste manieren om te bepalen of u voor thuisonderwijs wilt kiezen. Terwijl je de redenen voor thuisonderwijs onderzoekt, leer je ook over verschillende filosofie\u00ebn en methoden. Door verschillende filosofie\u00ebn en methoden te leren kennen, wordt u zich bewust van uw eigen idee\u00ebn, zodat u ze kunt aanscherpen en uw kinderen kunt helpen groeien in kennis en karakter. GREENHOUSE Magazine Het GREENHOUSE-magazine van NCHE helpt u meer te weten te komen over de redenen om thuisonderwijs te geven en om fundamentele onderwijsconcepten te identificeren. Kennis van deze concepten zal u helpen bij het selecteren van het leerplan en het bepalen hoe uw thuisschool zal functioneren. Het is zo simpel! GREENHOUSE, een uitgave van NCHE, verschijnt 3 keer per jaar en wordt verzonden naar NCHE-leden. U kunt meer leren in de archieven van eerdere artikelen. NCHE Blog NCHE heeft een blog die wekelijks twee posts plaatst met nieuwe inspiratie en praktische tips. Bekijk hier het NCHE-blog. Boeken Hier vindt u een lijst met zorgvuldig geselecteerde boeken over thuisonderwijs. Beter laat dan vroeg, Raymond en Dorothy Moore The Successful Homeschool Family Handbook (voorheen getiteld Home School Burnout), Raymond en Dorothy Moore For the Children&#039;s Sake, Susan Schaeffer Macaulay Home Schooling for Excellence, David en Micki Colfax Homeschooling the Early Years, Linda Dobson Het eerste jaar waarin u uw kind thuisonderwijs geeft: uw complete gids om een goede start te maken, Linda Dobson Thuisonderwijs in de middelste jaren, Shari Henry die de hele tijd leert en uw eigen lesgeeft, John Holt De Three R&#039;s-serie en u kunt uw kind met succes lesgeven , Ruth Beechick De ultieme gids voor thuisonderwijs, Debra Bell onderwijst het oprechte kind, Clay en Sally Clarkson Ontwakend wonder: het hart van uw kind openen voor de schoonheid van leren, Sally Clarkson 100 topkeuzes voor het thuisonderwijscurriculum, Cathy Duffy Het hart van thuisonderwijs , Christopher Klicka Ignite The Fire, Terri Camp Getting Started in Homeschooling, Sonya Shafer (gratis e-boek op Simplycharlottemason.com) A Charlotte Mason Companion, Karen Andreola When Children Love to Learn, Cooper, Anderson, Macaulay en Beckman &nbsp;<\/p>","protected":false},"author":3,"featured_media":0,"parent":105,"menu_order":1,"comment_status":"closed","ping_status":"closed","template":"","meta":{"_acf_changed":false,"_et_pb_use_builder":"on","_et_pb_old_content":"<p>First step is to decide if home education is the right choice for you and your family. If you haven't already, visit the <strong>Explore<\/strong> section to discover the many reasons to homeschool, including the benefits. There you will also find the latest research and statistics about homeschooling in NC.<\/p><p>To learn more about homeschooling, we recommend you:<\/p><ul><li>Talk to experienced homeschoolers,<\/li><li>Attend seminars and conferences,<\/li><li>Read!<\/li><\/ul><h3>Talk to Experienced Homeschoolers<\/h3><p>There are multiple ways to find and converse with experienced homeschoolers. \u00a0NCHE has a very active <a href=\"http:\/\/www.facebook.com\/nche1984\">Facebook page<\/a> where you can ask questions and discuss topics, or you can contact an <a href=\"\/regions\">NCHE regional liaison<\/a>, who is a NCHE volunteer committed to a certain geographical area of the state.<\/p><p>In addition, there are many\u00a0regional groups active across the state. <a href=\"\/regions\">Each region page<\/a> lists active regional groups where you can find the regional groups <a href=\"\/groups\">active in your county<\/a>.<\/p><h3>Attend Seminars and Conferences<\/h3><p><a href=\"\/conference\">NCHE's Annual Conference and Book Fair<\/a>\u00a0is a must for those wanting to learn more about homeschooling. Also, many regional groups regularly host educational events.<\/p><h3>Read!<\/h3><p><img class=\"size-full wp-image-108 alignright\" src=\"\/wp-content\/uploads\/2017\/11\/Fall_2012_cover.jpg\" alt=\"\" width=\"200\" height=\"286\" \/>Reading is always a good way to learn about homeschooling. You need to invest some time in reading good books and articles on the subject. We offer some book suggestions below, and our <a href=\"\/greenhouse\">GREENHOUSE magazine<\/a> is a continuous source of articles to educate and encourage homeschooling families. Check out the <a href=\"\/library\">archives of past articles<\/a>. There are also many websites and blogs devoted to encouraging and educating homeschoolers.<\/p><p>As you converse, listen to talks\u00a0and read, your understanding of homeschooling and what it involves will grow. Your philosophy\u00a0of education will develop. Whether you realize it or not,\u00a0every person has a philosophy\u00a0of education which guides and colors their thinking and their actions. Learning about different philosophies will help you become conscious of your own and hone it. The more you understand about your philosophy, the more consistent and content you will be in your educational choices. There are many different ways of thinking about education. Broadly, homeschooling is the view that education\u00a0is best characterized as a\u00a0healthy human\u00a0development guided by a parent-educator.<\/p><p>Also, learning about homeschooling will help you identify key concepts and start properly using the terminology\u00a0of home educators. \u00a0Knowledge of these concepts will help you as you select curricular resources and determine how your homeschool will operate.<\/p><h4>Recommended books for beginners--some classics, some new:<\/h4><ul><li><em>Better Late Than Early<\/em>, <em>The Successful Homeschool Family Handbook<\/em> (formerly titled <em>Home School Burnout<\/em>), Raymond and Dorothy Moore<\/li><li><em>For the Children's Sake<\/em>, Susan Schaeffer Macaulay<\/li><li><em>Home Schooling for Excellence<\/em>, David and Micki Colfax<\/li><li><em>Homeschooling the Early Years<\/em>, Linda Dobson<\/li><li><em>The First Year of Homeschooling Your Child: Your Complete Guide to Getting Off to the Right Start<\/em> <span class=\"ptBrand\">by Linda Dobson<\/span><\/li><li><em>Homeschooling the Middle Years<\/em>, Shari Henry<\/li><li><em>Learning All the Time<\/em> and <em>Teach Your Own<\/em>, John Holt<\/li><li><em>The Three R's Series<\/em> and <em>You Can Teach Your Child Successfully<\/em>, Ruth Beechick<\/li><li><em>The Ultimate Guide to Homeschooling<\/em>, Debra Bell<\/li><li><em>Educating the Whole-hearted Child<\/em>, Clay and Sally Clarkson<\/li><li><em>100 Top Picks for Homeschool Curriculum<\/em>, Cathy Duffy<\/li><li><em>The Well-Trained Mind: A Guide to Classical Education at Home<\/em>, Susan Wise Bauer and Jessie Wise<\/li><li><em>The Heart of Homechooling<\/em> Christopher Klicka<\/li><li><em>Ignite The Fire<\/em>, Terri Camp<\/li><li><em>Getting Started in Homeschooling<\/em>, Sonya Shafer (free ebook at simplycharlottemason.com<\/li><li><em>A Charlotte Mason Companion<\/em>, Karen Andreola<\/li><li><em>When Children Love to Learn<\/em>, Cooper, Anderson, Macaulay and Beckman<\/li><\/ul><p>\u00a0<\/p>","_et_gb_content_width":"","_crdt_document":"","_monsterinsights_skip_tracking":false,"_monsterinsights_sitenote_active":false,"_monsterinsights_sitenote_note":"","_monsterinsights_sitenote_category":0,"footnotes":"","big_sky_generated":false},"class_list":["post-107","page","type-page","status-publish","hentry"],"acf":[],"jetpack_sharing_enabled":true,"jetpack_shortlink":"https:\/\/wp.me\/Pgvs5H-1J","_links":{"self":[{"href":"https:\/\/nche.com\/nl\/wp-json\/wp\/v2\/pages\/107","targetHints":{"allow":["GET"]}}],"collection":[{"href":"https:\/\/nche.com\/nl\/wp-json\/wp\/v2\/pages"}],"about":[{"href":"https:\/\/nche.com\/nl\/wp-json\/wp\/v2\/types\/page"}],"author":[{"embeddable":true,"href":"https:\/\/nche.com\/nl\/wp-json\/wp\/v2\/users\/3"}],"replies":[{"embeddable":true,"href":"https:\/\/nche.com\/nl\/wp-json\/wp\/v2\/comments?post=107"}],"version-history":[{"count":43,"href":"https:\/\/nche.com\/nl\/wp-json\/wp\/v2\/pages\/107\/revisions"}],"predecessor-version":[{"id":48081,"href":"https:\/\/nche.com\/nl\/wp-json\/wp\/v2\/pages\/107\/revisions\/48081"}],"up":[{"embeddable":true,"href":"https:\/\/nche.com\/nl\/wp-json\/wp\/v2\/pages\/105"}],"wp:attachment":[{"href":"https:\/\/nche.com\/nl\/wp-json\/wp\/v2\/media?parent=107"}],"curies":[{"name":"wp","href":"https:\/\/api.w.org\/{rel}","templated":true}]}}