{"id":298,"date":"2018-01-18T12:02:59","date_gmt":"2018-01-18T17:02:59","guid":{"rendered":"https:\/\/account.nche.com\/?page_id=298"},"modified":"2026-01-03T17:38:07","modified_gmt":"2026-01-03T22:38:07","slug":"helps","status":"publish","type":"page","link":"https:\/\/nche.com\/vi\/helps\/","title":{"rendered":"Tr\u1ee3 gi\u00fap gi\u00e1o d\u1ee5c t\u1ea1i nh\u00e0"},"content":{"rendered":"<p>[et_pb_section fb_built=&#8221;1&#8243; specialty=&#8221;on&#8221; _builder_version=&#8221;4.27.3&#8243; _module_preset=&#8221;default&#8221; global_colors_info=&#8221;{}&#8221;][et_pb_column type=&#8221;3_4&#8243; specialty_columns=&#8221;3&#8243; _builder_version=&#8221;4.16&#8243; custom_padding=&#8221;|||&#8221; global_colors_info=&#8221;{}&#8221; custom_padding__hover=&#8221;|||&#8221;][et_pb_row_inner _builder_version=&#8221;4.27.3&#8243; _module_preset=&#8221;default&#8221; custom_padding=&#8221;||4px|||&#8221; global_colors_info=&#8221;{}&#8221;][et_pb_column_inner saved_specialty_column_type=&#8221;3_4&#8243; _builder_version=&#8221;4.27.3&#8243; _module_preset=&#8221;default&#8221; global_colors_info=&#8221;{}&#8221;][et_pb_text _builder_version=&#8221;4.27.3&#8243; _module_preset=&#8221;default&#8221; hover_enabled=&#8221;0&#8243; global_colors_info=&#8221;{}&#8221; sticky_enabled=&#8221;0&#8243;]<\/p>\n<h1><span style=\"color: #003768;\"><strong>Homeschool Helps<\/strong><\/span><\/h1>\n<p>[\/et_pb_text][\/et_pb_column_inner][\/et_pb_row_inner][et_pb_row_inner column_structure=&#8221;1_2,1_2&#8243; _builder_version=&#8221;4.27.3&#8243; _module_preset=&#8221;default&#8221; global_colors_info=&#8221;{}&#8221;][et_pb_column_inner type=&#8221;1_2&#8243; saved_specialty_column_type=&#8221;3_4&#8243; _builder_version=&#8221;4.27.3&#8243; _module_preset=&#8221;default&#8221; global_colors_info=&#8221;{}&#8221;][et_pb_text _builder_version=&#8221;4.27.3&#8243; _module_preset=&#8221;default&#8221; global_colors_info=&#8221;{}&#8221;]<\/p>\n<h3><span style=\"color: #003768;\"><strong>Our Helps Team<\/strong><\/span><b style=\"font-size: 14px;\"><\/b><\/h3>\n<p><b style=\"font-size: 14px;\">Multicultural<br \/><\/b>Luz Vel\u00e1zquez\u00a0 (<a href=\"mailto:luz.velazques@nche\">luz.velazquez@nche<\/a>)<span style=\"font-size: medium;\"><br \/><\/span>Youlanda Lewis (<a href=\"mailto:youlanda.lewis@nche.com\">youlanda.lewis@nche.com<\/a>)<\/p>\n<p><strong>Preschool<br \/><span style=\"font-weight: 400;\">Michele Gano. (<a href=\"mailto:preschool@nche.com\">preschool@nche.com<\/a>)<\/span><\/strong><\/p>\n<p><strong>New Homeschoolers and High School Curriculum<br \/><\/strong><span style=\"font-weight: 400;\">Vicky Gurganus\u00a0 \u00a0(<a href=\"mailto:vicky.gurgansu@nche.com\">vicky.gurgansu@nche.com<\/a>)<\/span><\/p>\n<p><span style=\"font-weight: 400;\"><strong>Special Needs<\/strong><br \/>Niki Cooper\u00a0 (<a href=\"mailto:specialneeds@nche.com\">specialneeds@nche.com<\/a>)<\/span><\/p>\n<p><span style=\"font-weight: 400;\"><strong>Dads<br \/><\/strong>Tom Gurganus\u00a0 (<a href=\"mailto:dads@nche.com\">dads@nche.com<\/a>)<\/span><\/p>\n<p><span style=\"font-weight: 400;\"><strong>Military<\/strong><br \/>Melody Jacobs\u00a0 (<a href=\"mailto:melody.jacobs@nche.com\">melody.jacobs@nche.com<\/a>)<\/span><\/p>\n<p><span style=\"font-weight: 400;\"><strong>Single Parents<br \/><\/strong>Kadesha Howard\u00a0 (<a href=\"mailto:kadesha.howard@nche.com\">kadesha.howard@nche.com<\/a>)<\/span><\/p>\n<p>[\/et_pb_text][\/et_pb_column_inner][et_pb_column_inner type=&#8221;1_2&#8243; saved_specialty_column_type=&#8221;3_4&#8243; _builder_version=&#8221;4.27.3&#8243; _module_preset=&#8221;default&#8221; global_colors_info=&#8221;{}&#8221;][et_pb_image src=&#8221;<a href=\"https:\/\/nche.com\/wp-content\/uploads\/2021\/08\/Homeschooling-Helps-page.jpg&#038;#8221\">https:\/\/nche.com\/wp-content\/uploads\/2021\/08\/Homeschooling-Helps-page.jpg&#038;#8221<\/a>; title_text=&#8221;Homeschooling Helps page&#8221; _builder_version=&#8221;4.27.3&#8243; _module_preset=&#8221;default&#8221; global_colors_info=&#8221;{}&#8221;][\/et_pb_image][et_pb_text _builder_version=&#8221;4.27.3&#8243; _module_preset=&#8221;default&#8221; global_colors_info=&#8221;{}&#8221;]<\/p>\n<h3><span style=\"color: #0762ab;\"><strong><a style=\"color: #0762ab;\" href=\"https:\/\/nche.com\/helps\/start\/\" target=\"_blank\" rel=\"noopener\">First Steps<\/a><\/strong><\/span><\/h3>\n<p>If you are a new homeschooler and want to know <span style=\"color: #000000;\"><a style=\"color: #000000;\" href=\"https:\/\/nche.com\/helps\/start\/\" target=\"_blank\" rel=\"noopener noreferrer\">where to start<\/a><\/span>, this section is for you. We break it down into 4 steps.<\/p>\n<p>[\/et_pb_text][\/et_pb_column_inner][\/et_pb_row_inner][et_pb_row_inner _builder_version=&#8221;4.27.3&#8243; _module_preset=&#8221;default&#8221; custom_padding=&#8221;13px|||||&#8221; global_colors_info=&#8221;{}&#8221;][et_pb_column_inner saved_specialty_column_type=&#8221;3_4&#8243; _builder_version=&#8221;4.27.3&#8243; _module_preset=&#8221;default&#8221; global_colors_info=&#8221;{}&#8221;][et_pb_text _builder_version=&#8221;4.27.3&#8243; _module_preset=&#8221;default&#8221; global_colors_info=&#8221;{}&#8221;]<\/p>\n<h3><span style=\"color: #0762ab;\"><strong><a href=\"https:\/\/nche.com\/webinars\/\" target=\"_blank\" rel=\"noopener\" style=\"color: #0762ab;\">Free Webinars<\/a><\/strong><\/span><\/h3>\n<p>NCHE has produced several webinars to equip homeschoolers, including Let&#8217;s Get Started: How to Begin Homeschooling in NC, Laying a Good Foundation: Homeschooling Little Ones, Homeschooling High School, Preparing for College, Required Annual Homeschool Testing, Pulling Your Hair Out? Homeschool Solution for Scheduling, Motivated Your Kids, &amp; Curriculum Frustrations, Embracing Ethnic Diversity in Homeschooling, and more.<\/p>\n<h3><strong>Nuts and Bolts<\/strong><\/h3>\n<p>This section is designed to help you with the tools that you need to homeschool.<\/p>\n<ul>\n<li>What\u00a0<a href=\"https:\/\/nche.com\/helps\/curriculum\/\" target=\"_blank\" rel=\"noopener noreferrer\"><strong>curriculum<\/strong>\u00a0<\/a>is available?<\/li>\n<li>What\u00a0<a href=\"https:\/\/nche.com\/helps\/testing\/\" target=\"_blank\" rel=\"noopener noreferrer\"><strong>tests do homeschoolers use<\/strong><\/a>\u00a0and where do I get them?<\/li>\n<li>And a page devoted to\u00a0<a href=\"https:\/\/nche.com\/helps\/hs-faq\/\" target=\"_blank\" rel=\"noopener noreferrer\"><strong>answering some of your common questions<\/strong><\/a>.<\/li>\n<\/ul>\n<h3><\/h3>\n<h3><span style=\"color: #0762ab;\"><strong><a href=\"https:\/\/nche.com\/helps\/high-school\/\" target=\"_blank\" rel=\"noopener\" style=\"color: #0762ab;\">High School<\/a><\/strong><\/span><\/h3>\n<p>We have a whole section devoted to helping with the challenging task of <span style=\"color: #000000;\"><a style=\"color: #000000;\" href=\"https:\/\/nche.com\/helps\/high-school\/\" target=\"_blank\" rel=\"noopener noreferrer\">homeschooling the high schooler<\/a><\/span><strong>.<br \/><\/strong>Click on the link above to find answers to these questions and more:<\/p>\n<ul>\n<li>What is the homeschool law related to high school?<\/li>\n<li>What curriculum is available?<\/li>\n<li>What courses do they need to take?<\/li>\n<li>What about driver\u2019s ed?<\/li>\n<li>How do I document their achievements? How do I make a transcript?<\/li>\n<li>What are the college admissions tests?<\/li>\n<li>What do they need to graduate and how do I issue a diploma?<\/li>\n<li>How do I apply for an NCHE scholarship?<\/li>\n<li>What homeschool honor societies are available in NC?<\/li>\n<li>How do I transfer my homeschooled high schooler to a public school?<\/li>\n<\/ul>\n<h3><\/h3>\n<h3><span style=\"color: #0762ab;\"><strong><a style=\"color: #0762ab;\" href=\"https:\/\/nche.com\/helps\/special-needs\/\" target=\"_blank\" rel=\"noopener\">Special Needs Homeschooling<\/a><\/strong><\/span><\/h3>\n<p>If you are looking for answers and resources as you homeschool a special needs student, this page will provide some needed information.<\/p>\n<p>Home education provides a safe, nurturing atmosphere which has been proven to enhance learning. Many parents find that homeschooling offers numerous benefits for their child with special needs. Homeschooling also can offer much more flexibility to teach to their child\u2019s strengths than what is found in a public school setting.<\/p>\n<h3><\/h3>\n<h3><span style=\"color: #0762ab;\"><strong><a href=\"https:\/\/nche.com\/helps\/moving-into-north-carolina\/\" target=\"_blank\" rel=\"noopener\" style=\"color: #0762ab;\">Moving to NC<\/a><\/strong><\/span><\/h3>\n<p>If you are a homeschooler and have just <span style=\"color: #000000;\"><a style=\"color: #000000;\" href=\"https:\/\/nche.com\/helps\/moving-into-north-carolina\/\" target=\"_blank\" rel=\"noopener noreferrer\">moved to\u00a0<\/a><a style=\"color: #000000;\" href=\"https:\/\/nche.com\/helps\/moving-into-north-carolina\/\" target=\"_blank\" rel=\"noopener noreferrer\">North Ca<\/a><\/span><a href=\"https:\/\/nche.com\/helps\/moving-into-north-carolina\/\" target=\"_blank\" rel=\"noopener noreferrer\"><span style=\"color: #000000;\">rolina<\/span>,<\/a> this section will help you know what to do in NC to be legal. Every state has its own laws.<\/p>\n<p>[\/et_pb_text][\/et_pb_column_inner][\/et_pb_row_inner][\/et_pb_column][et_pb_column type=&#8221;1_4&#8243; _builder_version=&#8221;4.16&#8243; custom_padding=&#8221;|||&#8221; global_colors_info=&#8221;{}&#8221; custom_padding__hover=&#8221;|||&#8221;][et_pb_sidebar _builder_version=&#8221;4.27.3&#8243; _module_preset=&#8221;default&#8221; global_colors_info=&#8221;{}&#8221;][\/et_pb_sidebar][\/et_pb_column][\/et_pb_section][et_pb_section fb_built=&#8221;1&#8243; _builder_version=&#8221;4.16&#8243; global_colors_info=&#8221;{}&#8221;][et_pb_row column_structure=&#8221;1_4,3_4&#8243; _builder_version=&#8221;4.16&#8243; _module_preset=&#8221;default&#8221; global_colors_info=&#8221;{}&#8221;][et_pb_column type=&#8221;1_4&#8243; _builder_version=&#8221;4.16&#8243; _module_preset=&#8221;default&#8221; global_colors_info=&#8221;{}&#8221;][et_pb_sidebar area=&#8221;et_pb_widget_area_20&#8243; _builder_version=&#8221;4.16&#8243; _module_preset=&#8221;default&#8221; global_colors_info=&#8221;{}&#8221;][\/et_pb_sidebar][\/et_pb_column][et_pb_column type=&#8221;3_4&#8243; _builder_version=&#8221;4.16&#8243; _module_preset=&#8221;default&#8221; global_colors_info=&#8221;{}&#8221;][\/et_pb_column][\/et_pb_row][\/et_pb_section]<\/p>\n","protected":false},"excerpt":{"rendered":"<p>H\u1ed7 tr\u1ee3 Gi\u00e1o d\u1ee5c T\u1ea1i nh\u00e0\u0110\u1ed9i ng\u0169 H\u1ed7 tr\u1ee3 \u0110a v\u0103n h\u00f3aLuz Vel\u00e1zquez (luz.velazquez@nche)Youlanda Lewis (youlanda.lewis@nche.com) M\u1eabu gi\u00e1oMichele Gano (preschool@nche.com) Gi\u00e1o vi\u00ean m\u1edbi b\u1eaft \u0111\u1ea7u d\u1ea1y con t\u1ea1i nh\u00e0 v\u00e0 Ch\u01b0\u01a1ng tr\u00ecnh Trung h\u1ecdcVicky Gurganus (vicky.gurgansu@nche.com) Tr\u1ebb em c\u00f3 nhu c\u1ea7u \u0111\u1eb7c bi\u1ec7tNiki Cooper (specialneeds@nche.com) C\u00e1c \u00f4ng b\u1ed1Tom Gurganus (dads@nche.com) Qu\u00e2n nh\u00e2nMelody Jacobs (melody.jacobs@nche.com) Cha m\u1eb9 \u0111\u01a1n th\u00e2nKadesha Howard (kadesha.howard@nche.com)Nh\u1eefng b\u01b0\u1edbc \u0111\u1ea7u ti\u00eanN\u1ebfu b\u1ea1n l\u00e0 ng\u01b0\u1eddi m\u1edbi b\u1eaft \u0111\u1ea7u d\u1ea1y con t\u1ea1i nh\u00e0 v\u00e0 mu\u1ed1n bi\u1ebft n\u00ean b\u1eaft \u0111\u1ea7u t\u1eeb \u0111\u00e2u, ph\u1ea7n n\u00e0y d\u00e0nh cho b\u1ea1n. Ch\u00fang t\u00f4i chia nh\u1ecf th\u00e0nh 4 b\u01b0\u1edbc. H\u1ed9i th\u1ea3o tr\u1ef1c tuy\u1ebfn mi\u1ec5n ph\u00ed NCHE \u0111\u00e3 s\u1ea3n xu\u1ea5t m\u1ed9t s\u1ed1 h\u1ed9i th\u1ea3o tr\u1ef1c tuy\u1ebfn \u0111\u1ec3 trang b\u1ecb cho ph\u1ee5 huynh d\u1ea1y con t\u1ea1i nh\u00e0, bao g\u1ed3m: B\u1eaft \u0111\u1ea7u n\u00e0o: L\u00e0m th\u1ebf n\u00e0o \u0111\u1ec3 b\u1eaft \u0111\u1ea7u d\u1ea1y con t\u1ea1i nh\u00e0 \u1edf B\u1eafc Carolina, X\u00e2y d\u1ef1ng n\u1ec1n t\u1ea3ng t\u1ed1t: D\u1ea1y con nh\u1ecf t\u1ea1i nh\u00e0, D\u1ea1y con trung h\u1ecdc t\u1ea1i nh\u00e0, Chu\u1ea9n b\u1ecb cho \u0111\u1ea1i h\u1ecdc, Ki\u1ec3m tra b\u1eaft bu\u1ed9c h\u00e0ng n\u0103m \u0111\u1ed1i v\u1edbi h\u1ecdc sinh h\u1ecdc t\u1ea1i nh\u00e0, B\u00f9ng n\u1ed5 c\u1ea3m x\u00fac? Gi\u1ea3i ph\u00e1p d\u1ea1y con t\u1ea1i nh\u00e0 v\u1ec1 l\u1ecbch tr\u00ecnh, \u0110\u1ed9ng vi\u00ean con c\u00e1i v\u00e0 nh\u1eefng kh\u00f3 kh\u0103n trong ch\u01b0\u01a1ng tr\u00ecnh h\u1ecdc, Ch\u1ea5p nh\u1eadn s\u1ef1 \u0111a d\u1ea1ng s\u1eafc t\u1ed9c trong d\u1ea1y con t\u1ea1i nh\u00e0, v\u00e0 nhi\u1ec1u h\u01a1n n\u1eefa. Nh\u1eefng \u0111i\u1ec1u c\u01a1 b\u1ea3n Ph\u1ea7n n\u00e0y \u0111\u01b0\u1ee3c thi\u1ebft k\u1ebf \u0111\u1ec3 gi\u00fap b\u1ea1n v\u1edbi nh\u1eefng c\u00f4ng c\u1ee5 c\u1ea7n thi\u1ebft \u0111\u1ec3 d\u1ea1y con t\u1ea1i nh\u00e0. C\u00f3 nh\u1eefng ch\u01b0\u01a1ng tr\u00ecnh h\u1ecdc n\u00e0o? H\u1ecdc sinh h\u1ecdc t\u1ea1i nh\u00e0 s\u1eed d\u1ee5ng nh\u1eefng b\u00e0i ki\u1ec3m tra n\u00e0o v\u00e0 t\u00f4i c\u00f3 th\u1ec3 l\u1ea5y ch\u00fang \u1edf \u0111\u00e2u? V\u00e0 m\u1ed9t trang d\u00e0nh ri\u00eang \u0111\u1ec3 tr\u1ea3 l\u1eddi m\u1ed9t s\u1ed1 c\u00e2u h\u1ecfi th\u01b0\u1eddng g\u1eb7p c\u1ee7a b\u1ea1n. Trung h\u1ecdc Ch\u00fang t\u00f4i c\u00f3 c\u1ea3 m\u1ed9t ph\u1ea7n d\u00e0nh ri\u00eang \u0111\u1ec3 gi\u00fap b\u1ea1n v\u1edbi nhi\u1ec7m v\u1ee5 \u0111\u1ea7y th\u00e1ch th\u1ee9c l\u00e0 d\u1ea1y con trung h\u1ecdc t\u1ea1i nh\u00e0. Nh\u1ea5p v\u00e0o li\u00ean k\u1ebft \u1edf tr\u00ean \u0111\u1ec3 t\u00ecm c\u00e2u tr\u1ea3 l\u1eddi cho nh\u1eefng c\u00e2u h\u1ecfi n\u00e0y v\u00e0 nhi\u1ec1u h\u01a1n n\u1eefa: Lu\u1eadt d\u1ea1y con t\u1ea1i nh\u00e0 li\u00ean quan \u0111\u1ebfn trung h\u1ecdc l\u00e0 g\u00ec? C\u00f3 nh\u1eefng ch\u01b0\u01a1ng tr\u00ecnh h\u1ecdc n\u00e0o? H\u1ecd c\u1ea7n ph\u1ea3i h\u1ecdc nh\u1eefng kh\u00f3a h\u1ecdc n\u00e0o? C\u00f2n v\u1ec1 gi\u00e1o d\u1ee5c l\u00e1i xe th\u00ec sao? T\u00f4i c\u1ea7n l\u00e0m g\u00ec \u0111\u1ec3 ghi l\u1ea1i nh\u1eefng th\u00e0nh t\u00edch c\u1ee7a con m\u00ecnh? T\u00f4i c\u1ea7n l\u00e0m g\u00ec \u0111\u1ec3 l\u1eadp b\u1ea3ng \u0111i\u1ec3m? C\u00e1c b\u00e0i ki\u1ec3m tra tuy\u1ec3n sinh \u0111\u1ea1i h\u1ecdc l\u00e0 g\u00ec? Con t\u00f4i c\u1ea7n nh\u1eefng g\u00ec \u0111\u1ec3 t\u1ed1t nghi\u1ec7p v\u00e0 t\u00f4i c\u1ea7n l\u00e0m g\u00ec \u0111\u1ec3 c\u1ea5p b\u1eb1ng t\u1ed1t nghi\u1ec7p? T\u00f4i c\u1ea7n l\u00e0m g\u00ec \u0111\u1ec3 xin h\u1ecdc b\u1ed5ng NCHE? C\u00f3 nh\u1eefng h\u1ed9i danh d\u1ef1 n\u00e0o d\u00e0nh cho h\u1ecdc sinh h\u1ecdc t\u1ea1i nh\u00e0 \u1edf B\u1eafc Carolina? T\u00f4i c\u1ea7n l\u00e0m g\u00ec \u0111\u1ec3 chuy\u1ec3n h\u1ecdc sinh trung h\u1ecdc h\u1ecdc t\u1ea1i nh\u00e0 c\u1ee7a m\u00ecnh sang tr\u01b0\u1eddng c\u00f4ng l\u1eadp? H\u1ecdc t\u1ea1i nh\u00e0 cho h\u1ecdc sinh c\u00f3 nhu c\u1ea7u \u0111\u1eb7c bi\u1ec7t N\u1ebfu b\u1ea1n \u0111ang t\u00ecm ki\u1ebfm c\u00e2u tr\u1ea3 l\u1eddi v\u00e0 ngu\u1ed3n t\u00e0i li\u1ec7u khi d\u1ea1y h\u1ecdc t\u1ea1i nh\u00e0 cho h\u1ecdc sinh c\u00f3 nhu c\u1ea7u \u0111\u1eb7c bi\u1ec7t, trang n\u00e0y s\u1ebd cung c\u1ea5p m\u1ed9t s\u1ed1 th\u00f4ng tin c\u1ea7n thi\u1ebft. Gi\u00e1o d\u1ee5c t\u1ea1i nh\u00e0 cung c\u1ea5p m\u1ed9t m\u00f4i tr\u01b0\u1eddng an to\u00e0n, nu\u00f4i d\u01b0\u1ee1ng, \u0111\u00e3 \u0111\u01b0\u1ee3c ch\u1ee9ng minh l\u00e0 gi\u00fap n\u00e2ng cao kh\u1ea3 n\u0103ng h\u1ecdc t\u1eadp. Nhi\u1ec1u b\u1eadc cha m\u1eb9 nh\u1eadn th\u1ea5y r\u1eb1ng vi\u1ec7c h\u1ecdc t\u1ea1i nh\u00e0 mang l\u1ea1i nhi\u1ec1u l\u1ee3i \u00edch cho con c\u00e1i c\u00f3 nhu c\u1ea7u \u0111\u1eb7c bi\u1ec7t c\u1ee7a h\u1ecd. H\u1ecdc t\u1ea1i nh\u00e0 c\u0169ng c\u00f3 th\u1ec3 mang l\u1ea1i s\u1ef1 linh ho\u1ea1t h\u01a1n nhi\u1ec1u \u0111\u1ec3 d\u1ea1y theo \u0111i\u1ec3m m\u1ea1nh c\u1ee7a con so v\u1edbi m\u00f4i tr\u01b0\u1eddng tr\u01b0\u1eddng c\u00f4ng l\u1eadp. Chuy\u1ec3n \u0111\u1ebfn B\u1eafc Carolina N\u1ebfu b\u1ea1n l\u00e0 ng\u01b0\u1eddi d\u1ea1y h\u1ecdc t\u1ea1i nh\u00e0 v\u00e0 v\u1eeba chuy\u1ec3n \u0111\u1ebfn B\u1eafc Carolina, ph\u1ea7n n\u00e0y s\u1ebd gi\u00fap b\u1ea1n bi\u1ebft ph\u1ea3i l\u00e0m g\u00ec \u1edf B\u1eafc Carolina \u0111\u1ec3 h\u1ee3p ph\u00e1p. M\u1ed7i ti\u1ec3u bang \u0111\u1ec1u c\u00f3 lu\u1eadt ri\u00eang.<\/p>","protected":false},"author":3,"featured_media":0,"parent":0,"menu_order":0,"comment_status":"closed","ping_status":"closed","template":"","meta":{"_acf_changed":false,"_et_pb_use_builder":"on","_et_pb_old_content":"<h3>First Steps<\/h3><p>If you are a new homeschooler and want to know <a href=\"https:\/\/nche.com\/helps\/start\/\" target=\"_blank\" rel=\"noopener\">where to start<\/a>, this section is for you. We break it down into 4 steps.<\/p><h3>Nuts and Bolts<\/h3><p>This section is designed to help you with the tools that you need to homeschool.<\/p><ul><li>What\u00a0<a href=\"https:\/\/nche.com\/helps\/curriculum\/\" target=\"_blank\" rel=\"noopener\"><strong>curriculum<\/strong>\u00a0<\/a>is available?<\/li><li>What\u00a0<a href=\"https:\/\/nche.com\/helps\/testing\/\" target=\"_blank\" rel=\"noopener\"><strong>tests do homeschoolers use<\/strong><\/a>\u00a0and where do I get them?<\/li><li>And a page devoted to\u00a0<a href=\"https:\/\/nche.com\/helps\/hs-faq\/\" target=\"_blank\" rel=\"noopener\"><strong>answering some of your common questions<\/strong><\/a>.<\/li><\/ul><h3>High School<\/h3><p>We have a whole section devoted to helping with the challenging task of <a href=\"https:\/\/nche.com\/helps\/high-school\/\" target=\"_blank\" rel=\"noopener\">homeschooling the high schooler<\/a>.<\/p><p>You'll find answers to these questions and more:<\/p><ul><li>What courses do they need to take?<\/li><li>What curriculum is available?<\/li><li>How do I document their achievements? How do I make a transcript?<\/li><li>What do they need to graduate and how do I issue a diploma?<\/li><li>What about driver\u2019s ed?<\/li><li>What are the college admissions tests?<\/li><\/ul><h3>Moving to NC<\/h3><p>If you are a homeschooler and have just <a href=\"https:\/\/nche.com\/helps\/moving-into-north-carolina\/\" target=\"_blank\" rel=\"noopener\">moved to North Carolina,<\/a> this section will help you know what to do in NC to be legal. Every state has its own laws.<\/p>","_et_gb_content_width":"","_crdt_document":"","_monsterinsights_skip_tracking":false,"_monsterinsights_sitenote_active":false,"_monsterinsights_sitenote_note":"","_monsterinsights_sitenote_category":0,"footnotes":"","big_sky_generated":false},"class_list":["post-298","page","type-page","status-publish","hentry"],"acf":[],"jetpack_sharing_enabled":true,"jetpack_shortlink":"https:\/\/wp.me\/Pgvs5H-4O","_links":{"self":[{"href":"https:\/\/nche.com\/vi\/wp-json\/wp\/v2\/pages\/298","targetHints":{"allow":["GET"]}}],"collection":[{"href":"https:\/\/nche.com\/vi\/wp-json\/wp\/v2\/pages"}],"about":[{"href":"https:\/\/nche.com\/vi\/wp-json\/wp\/v2\/types\/page"}],"author":[{"embeddable":true,"href":"https:\/\/nche.com\/vi\/wp-json\/wp\/v2\/users\/3"}],"replies":[{"embeddable":true,"href":"https:\/\/nche.com\/vi\/wp-json\/wp\/v2\/comments?post=298"}],"version-history":[{"count":44,"href":"https:\/\/nche.com\/vi\/wp-json\/wp\/v2\/pages\/298\/revisions"}],"predecessor-version":[{"id":49879,"href":"https:\/\/nche.com\/vi\/wp-json\/wp\/v2\/pages\/298\/revisions\/49879"}],"wp:attachment":[{"href":"https:\/\/nche.com\/vi\/wp-json\/wp\/v2\/media?parent=298"}],"curies":[{"name":"trang web","href":"https:\/\/api.w.org\/{rel}","templated":true}]}}